{"id":1508,"date":"2021-03-05T08:21:20","date_gmt":"2021-03-05T08:21:20","guid":{"rendered":"https:\/\/crystalproperty.hu\/homepage\/"},"modified":"2022-03-07T12:55:26","modified_gmt":"2022-03-07T11:55:26","slug":"homepage","status":"publish","type":"page","link":"https:\/\/crystalproperty.hu\/hu\/","title":{"rendered":"F\u0151oldal"},"content":{"rendered":"<div class=\"wpb-content-wrapper\"><p>[vc_row row_height_percent=&#8221;0&#8243; override_padding=&#8221;yes&#8221; h_padding=&#8221;2&#8243; top_padding=&#8221;5&#8243; bottom_padding=&#8221;2&#8243; overlay_alpha=&#8221;50&#8243; gutter_size=&#8221;3&#8243; column_width_percent=&#8221;100&#8243; shift_y=&#8221;0&#8243; z_index=&#8221;0&#8243;][vc_column column_width_use_pixel=&#8221;yes&#8221; position_vertical=&#8221;middle&#8221; align_horizontal=&#8221;align_center&#8221; gutter_size=&#8221;3&#8243; overlay_alpha=&#8221;50&#8243; shift_x=&#8221;0&#8243; shift_y=&#8221;0&#8243; shift_y_down=&#8221;0&#8243; z_index=&#8221;0&#8243; medium_width=&#8221;0&#8243; mobile_width=&#8221;0&#8243; width=&#8221;1\/1&#8243; column_width_pixel=&#8221;950&#8243; uncode_shortcode_id=&#8221;577149&#8243;][vc_custom_heading text_color=&#8221;color-100225&#8243; heading_semantic=&#8221;h3&#8243; text_size=&#8221;h1&#8243; uncode_shortcode_id=&#8221;234229&#8243; text_color_type=&#8221;uncode-palette&#8221;]Professzion\u00e1lis ingatlan- \u00e9s t\u00e1rsash\u00e1zkezel\u00e9s szolg\u00e1ltat\u00e1s v\u00e1llalati \u00e9s mag\u00e1nbefektet\u0151knek.[\/vc_custom_heading][vc_single_image media=&#8221;288&#8243; media_width_use_pixel=&#8221;yes&#8221; alignment=&#8221;center&#8221; media_width_pixel=&#8221;350&#8243;][vc_column_text text_lead=&#8221;yes&#8221; uncode_shortcode_id=&#8221;120035&#8243;]<span style=\"color: #717175;\"><strong>A Crystal Property Management Kft-t <\/strong><\/span>2008-ban alakult, c\u00e9lja <span style=\"color: #717175;\"><strong>hogy magas min\u0151s\u00e9g\u0171 ingatlankezel\u0151i szolg\u00e1ltat\u00e1sokat ny\u00fajtson<\/strong><\/span> lak\u00f3h\u00e1zak \u00e9s kereskedelmi ingatlanok sz\u00e1m\u00e1ra Budapest szerte.[\/vc_column_text][\/vc_column][\/vc_row][vc_row row_height_percent=&#8221;0&#8243; override_padding=&#8221;yes&#8221; h_padding=&#8221;2&#8243; top_padding=&#8221;2&#8243; bottom_padding=&#8221;2&#8243; overlay_alpha=&#8221;50&#8243; gutter_size=&#8221;4&#8243; column_width_percent=&#8221;100&#8243; shift_y=&#8221;0&#8243; z_index=&#8221;0&#8243;][vc_column column_width_percent=&#8221;100&#8243; gutter_size=&#8221;4&#8243; overlay_alpha=&#8221;50&#8243; shift_x=&#8221;0&#8243; shift_y=&#8221;0&#8243; shift_y_down=&#8221;0&#8243; z_index=&#8221;0&#8243; medium_width=&#8221;4&#8243; mobile_width=&#8221;0&#8243; width=&#8221;1\/2&#8243;][vc_column_text uncode_shortcode_id=&#8221;992001&#8243;]Elk\u00e9pzel\u00e9s\u00fcnk, hogy az ingatlankezel\u0151i piac jelenlegi helyzet\u00e9t fel\u00fclm\u00falva <span style=\"color: #717175;\"><strong>professzion\u00e1lis k\u00f6rnyezetet <\/strong><\/span>biztos\u00edtsunk feddhetetlen\u00fcl, odaad\u00e1ssal, felel\u0151ss\u00e9gteljesen, k\u00f6lcs\u00f6n\u00f6s tisztelettel, \u00e9s kiv\u00e1l\u00f3 min\u0151s\u00e9ggel. Csapatunk ezen \u00e9rdemeket tartja szem el\u0151tt, mikor jelenlegi \u00e9s j\u00f6vend\u0151beli \u00fcgyfelekkel foglalkozik.[\/vc_column_text][\/vc_column][vc_column column_width_percent=&#8221;100&#8243; gutter_size=&#8221;4&#8243; overlay_alpha=&#8221;50&#8243; shift_x=&#8221;0&#8243; shift_y=&#8221;0&#8243; shift_y_down=&#8221;0&#8243; z_index=&#8221;0&#8243; medium_width=&#8221;4&#8243; mobile_width=&#8221;0&#8243; width=&#8221;1\/2&#8243;][vc_column_text uncode_shortcode_id=&#8221;550447&#8243;]A Crystal Property <strong>teljes k\u00f6r\u0171 ingatlankezel\u0151i szolg\u00e1ltat\u00e1st<\/strong> ny\u00fajt. C\u00e9lunk, hogy szem\u00e9lyre szabott \u00e9s megb\u00edzhat\u00f3 szolg\u00e1ltat\u00e1st biztos\u00edtsunk<span style=\"color: #423e3e;\"> az \u00fcgyfeleink ig\u00e9nyeinek megfelel\u0151en, valamint maximaliz\u00e1ljuk \u00e9s meg\u0151rizz\u00fck az ingatlanok \u00e9rt\u00e9k\u00e9t. \u00dcgyfeleink ig\u00e9nyeit szakk\u00e9pzett koll\u00e9g\u00e1k kezelik, <\/span>akik <strong>mindent megtesznek<\/strong>, az\u00e9rt, hogy <span style=\"color: #423e3e;\">\u00fcgyfeleink el\u00e9gedettek legyenek.<\/span>[\/vc_column_text][\/vc_column][\/vc_row][vc_row][vc_column column_width_percent=&#8221;100&#8243; gutter_size=&#8221;3&#8243; overlay_alpha=&#8221;50&#8243; shift_x=&#8221;0&#8243; shift_y=&#8221;0&#8243; shift_y_down=&#8221;0&#8243; z_index=&#8221;0&#8243; medium_width=&#8221;0&#8243; mobile_visibility=&#8221;yes&#8221; mobile_width=&#8221;0&#8243; width=&#8221;1\/1&#8243; uncode_shortcode_id=&#8221;133879&#8243;][vc_empty_space empty_h=&#8221;2&#8243;][\/vc_column][\/vc_row][vc_row unlock_row_content=&#8221;yes&#8221; row_height_percent=&#8221;0&#8243; override_padding=&#8221;yes&#8221; h_padding=&#8221;2&#8243; top_padding=&#8221;2&#8243; bottom_padding=&#8221;4&#8243; overlay_alpha=&#8221;50&#8243; gutter_size=&#8221;3&#8243; column_width_percent=&#8221;100&#8243; shift_y=&#8221;0&#8243; z_index=&#8221;0&#8243; el_class=&#8221;portfolio-row section&#8211;tour&#8221; uncode_shortcode_id=&#8221;535372&#8243;][vc_column column_width_percent=&#8221;70&#8243; align_horizontal=&#8221;align_center&#8221; gutter_size=&#8221;4&#8243; override_padding=&#8221;yes&#8221; column_padding=&#8221;0&#8243; overlay_alpha=&#8221;50&#8243; shift_x=&#8221;0&#8243; shift_y=&#8221;0&#8243; shift_y_down=&#8221;0&#8243; z_index=&#8221;0&#8243; medium_width=&#8221;0&#8243; mobile_width=&#8221;0&#8243; width=&#8221;1\/1&#8243;][vc_row_inner row_inner_height_percent=&#8221;0&#8243; overlay_alpha=&#8221;50&#8243; gutter_size=&#8221;3&#8243; shift_y=&#8221;0&#8243; limit_content=&#8221;&#8221;][vc_column_inner column_width_percent=&#8221;100&#8243; align_horizontal=&#8221;align_center&#8221; gutter_size=&#8221;3&#8243; override_padding=&#8221;yes&#8221; column_padding=&#8221;3&#8243; style=&#8221;dark&#8221; back_color=&#8221;accent&#8221; overlay_alpha=&#8221;50&#8243; shift_x=&#8221;0&#8243; shift_y=&#8221;0&#8243; shift_y_down=&#8221;0&#8243; z_index=&#8221;0&#8243; medium_width=&#8221;0&#8243; mobile_width=&#8221;0&#8243; css_animation=&#8221;bottom-t-top&#8221; animation_delay=&#8221;200&#8243; radius=&#8221;std&#8221; shadow=&#8221;std&#8221; width=&#8221;1\/1&#8243;][vc_custom_heading text_color=&#8221;color-xsdn&#8221; heading_semantic=&#8221;h3&#8243; text_size=&#8221;h1&#8243; sub_lead=&#8221;yes&#8221; sub_reduced=&#8221;yes&#8221; uncode_shortcode_id=&#8221;311242&#8243; text_color_type=&#8221;uncode-palette&#8221;]Virtu\u00e1lis s\u00e9t\u00e1k[\/vc_custom_heading][uncode_index el_id=&#8221;index-virtual-tour-index&#8221; index_type=&#8221;carousel&#8221; loop=&#8221;size:6|order_by:date|post_type:page|tax_query:9|taxonomy_count:10&#8243; carousel_lg=&#8221;1&#8243; carousel_md=&#8221;1&#8243; carousel_sm=&#8221;1&#8243; thumb_size=&#8221;three-four&#8221; gutter_size=&#8221;3&#8243; inner_padding=&#8221;yes&#8221; post_items=&#8221;title,media,text,link,author,date,category,extra&#8221; page_items=&#8221;title,media|featured|onpost|original&#8221; product_items=&#8221;title,media,text,category,price&#8221; portfolio_items=&#8221;media|featured|onpost|poster,title&#8221; carousel_interval=&#8221;5000&#8243; carousel_navspeed=&#8221;400&#8243; carousel_loop=&#8221;yes&#8221; carousel_overflow=&#8221;yes&#8221; carousel_dots=&#8221;yes&#8221; carousel_dots_space=&#8221;yes&#8221; carousel_dots_mobile=&#8221;yes&#8221; stage_padding=&#8221;65&#8243; single_text=&#8221;overlay&#8221; single_overlay_color=&#8221;color-jevc&#8221; single_overlay_coloration=&#8221;top_gradient&#8221; single_overlay_opacity=&#8221;24&#8243; single_overlay_visible=&#8221;yes&#8221; single_overlay_anim=&#8221;no&#8221; single_text_visible=&#8221;yes&#8221; single_text_anim=&#8221;no&#8221; single_image_anim=&#8221;no&#8221; single_h_align=&#8221;center&#8221; single_v_position=&#8221;top&#8221; single_padding=&#8221;1&#8243; single_title_dimension=&#8221;h4&#8243; single_shadow=&#8221;yes&#8221; shadow_weight=&#8221;std&#8221; single_border=&#8221;yes&#8221; single_css_animation=&#8221;bottom-t-top&#8221; single_animation_delay=&#8221;200&#8243; no_double_tap=&#8221;yes&#8221; filtering_transform=&#8221;uppercase&#8221; carousel_rtl=&#8221;&#8221; filtering_menu=&#8221;dropdown&#8221; single_block_click=&#8221;yes&#8221; single_text_hover=&#8221;yes&#8221; single_no_background=&#8221;&#8221; single_title_serif=&#8221;&#8221; single_title_divider=&#8221;&#8221; single_half_padding=&#8221;&#8221; single_title_bold=&#8221;yes&#8221; footer_position=&#8221;left&#8221; items=&#8221;e30=&#8221; order_ids=&#8221;4078,4065,4081,4146,4069,4142,4140,4085,4071&#8243; single_icon=&#8221;fa fa-plus2&#8243; uncode_shortcode_id=&#8221;173949&#8243;][\/vc_column_inner][\/vc_row_inner][vc_button button_color=&#8221;accent&#8221; border_width=&#8221;0&#8243; scale_mobile=&#8221;no&#8221; link=&#8221;url:https%3A%2F%2Fcrystalproperty.hu%2Fvirtual-tour-3d%2F|title:Virtual%20Tour%203D&#8221; button_color_type=&#8221;uncode-palette&#8221; uncode_shortcode_id=&#8221;608069&#8243;]M\u00e9g t\u00f6bb virtu\u00e1lis t\u00fara[\/vc_button][\/vc_column][\/vc_row][vc_row row_height_percent=&#8221;0&#8243; override_padding=&#8221;yes&#8221; h_padding=&#8221;0&#8243; top_padding=&#8221;0&#8243; bottom_padding=&#8221;3&#8243; back_color=&#8221;color-lxmt&#8221; overlay_alpha=&#8221;90&#8243; gutter_size=&#8221;3&#8243; column_width_percent=&#8221;100&#8243; shift_y=&#8221;0&#8243; z_index=&#8221;2&#8243; uncode_shortcode_id=&#8221;142583&#8243; back_color_type=&#8221;uncode-palette&#8221;][vc_column column_width_percent=&#8221;100&#8243; align_horizontal=&#8221;align_center&#8221; gutter_size=&#8221;3&#8243; override_padding=&#8221;yes&#8221; column_padding=&#8221;2&#8243; overlay_alpha=&#8221;50&#8243; shift_x=&#8221;0&#8243; shift_y=&#8221;0&#8243; shift_y_fixed=&#8221;yes&#8221; shift_y_down=&#8221;0&#8243; z_index=&#8221;0&#8243; medium_width=&#8221;0&#8243; mobile_width=&#8221;0&#8243; width=&#8221;1\/1&#8243; uncode_shortcode_id=&#8221;744974&#8243;][vc_custom_heading heading_semantic=&#8221;h1&#8243; text_size=&#8221;h1&#8243; uncode_shortcode_id=&#8221;119371&#8243;]Ingatlanok[\/vc_custom_heading][uncode_index el_id=&#8221;index-109292-392&#8243; loop=&#8221;size:6|order_by:rand|order:ASC|post_type:portfolio|tax_query:13,12,-15|taxonomy_count:10&#8243; gutter_size=&#8221;2&#8243; page_items=&#8221;title,media|featured|onpost|original&#8221; portfolio_items=&#8221;title,media|featured|onpost|original,category|transparentbg|topleft|display-icon&#8221; screen_lg=&#8221;1000&#8243; screen_md=&#8221;600&#8243; screen_sm=&#8221;480&#8243; single_text=&#8221;overlay&#8221; images_size=&#8221;one-one&#8221; single_overlay_color=&#8221;color-jevc&#8221; single_overlay_opacity=&#8221;45&#8243; single_overlay_visible=&#8221;yes&#8221; single_overlay_anim=&#8221;no&#8221; single_text_visible=&#8221;yes&#8221; single_text_anim=&#8221;no&#8221; single_v_position=&#8221;bottom&#8221; single_padding=&#8221;2&#8243; single_title_semantic=&#8221;h5&#8243; single_title_dimension=&#8221;h5&#8243; single_title_weight=&#8221;800&#8243; single_shadow=&#8221;yes&#8221; shadow_weight=&#8221;sm&#8221; single_css_animation=&#8221;bottom-t-top&#8221; no_double_tap=&#8221;yes&#8221; uncode_shortcode_id=&#8221;189742&#8243;][vc_button border_width=&#8221;0&#8243; scale_mobile=&#8221;no&#8221; link=&#8221;url:https%3A%2F%2Fcrystalproperty.hu%2Fproperties%2F|title:Properties|target:_blank&#8221; uncode_shortcode_id=&#8221;209196&#8243;]M\u00e9g t\u00f6bb ingatlan[\/vc_button][\/vc_column][\/vc_row]<\/p>\n<\/div>","protected":false},"excerpt":{"rendered":"<p>[vc_row row_height_percent=&#8221;0&#8243; override_padding=&#8221;yes&#8221; h_padding=&#8221;2&#8243; top_padding=&#8221;5&#8243; bottom_padding=&#8221;2&#8243; overlay_alpha=&#8221;50&#8243; gutter_size=&#8221;3&#8243; column_width_percent=&#8221;100&#8243; shift_y=&#8221;0&#8243; z_index=&#8221;0&#8243;][vc_column column_width_use_pixel=&#8221;yes&#8221; position_vertical=&#8221;middle&#8221; align_horizontal=&#8221;align_center&#8221; gutter_size=&#8221;3&#8243; overlay_alpha=&#8221;50&#8243; shift_x=&#8221;0&#8243; shift_y=&#8221;0&#8243; shift_y_down=&#8221;0&#8243; z_index=&#8221;0&#8243; [&hellip;]<\/p>\n","protected":false},"author":1,"featured_media":1509,"parent":0,"menu_order":0,"comment_status":"closed","ping_status":"closed","template":"","meta":{"_seopress_robots_primary_cat":"","_seopress_titles_title":"Crystal Property - Profesional property & condominium management services","_seopress_titles_desc":"Crystal Property offers a full range of property management services. Our goal is to deliver highly personalized and reliable service to meet clients\u2019 current needs as well as maximize their long term property values.","_seopress_robots_index":"","footnotes":""},"class_list":["post-1508","page","type-page","status-publish","has-post-thumbnail","hentry","page_category-index-hu"],"_links":{"self":[{"href":"https:\/\/crystalproperty.hu\/hu\/wp-json\/wp\/v2\/pages\/1508","targetHints":{"allow":["GET"]}}],"collection":[{"href":"https:\/\/crystalproperty.hu\/hu\/wp-json\/wp\/v2\/pages"}],"about":[{"href":"https:\/\/crystalproperty.hu\/hu\/wp-json\/wp\/v2\/types\/page"}],"author":[{"embeddable":true,"href":"https:\/\/crystalproperty.hu\/hu\/wp-json\/wp\/v2\/users\/1"}],"replies":[{"embeddable":true,"href":"https:\/\/crystalproperty.hu\/hu\/wp-json\/wp\/v2\/comments?post=1508"}],"version-history":[{"count":5,"href":"https:\/\/crystalproperty.hu\/hu\/wp-json\/wp\/v2\/pages\/1508\/revisions"}],"predecessor-version":[{"id":1843,"href":"https:\/\/crystalproperty.hu\/hu\/wp-json\/wp\/v2\/pages\/1508\/revisions\/1843"}],"wp:featuredmedia":[{"embeddable":true,"href":"https:\/\/crystalproperty.hu\/hu\/wp-json\/wp\/v2\/media\/1509"}],"wp:attachment":[{"href":"https:\/\/crystalproperty.hu\/hu\/wp-json\/wp\/v2\/media?parent=1508"}],"curies":[{"name":"wp","href":"https:\/\/api.w.org\/{rel}","templated":true}]}}