{"id":1502,"date":"2021-07-01T12:41:51","date_gmt":"2021-07-01T12:41:51","guid":{"rendered":"https:\/\/crystalproperty.hu\/one-bedroom-lux\/"},"modified":"2022-03-09T11:43:22","modified_gmt":"2022-03-09T10:43:22","slug":"one-bedroom-lux","status":"publish","type":"page","link":"https:\/\/crystalproperty.hu\/hu\/virtual-tour-3d\/one-bedroom-lux\/","title":{"rendered":"Art Homes 1 h\u00e1l\u00f3szob\u00e1s Lux"},"content":{"rendered":"<div class=\"wpb-content-wrapper\"><p>[vc_row unlock_row_content=&#8221;yes&#8221; row_height_percent=&#8221;0&#8243; back_color=&#8221;color-wayh&#8221; overlay_alpha=&#8221;50&#8243; gutter_size=&#8221;3&#8243; column_width_percent=&#8221;100&#8243; shift_y=&#8221;0&#8243; z_index=&#8221;0&#8243;][vc_column column_width_percent=&#8221;100&#8243; position_vertical=&#8221;middle&#8221; align_horizontal=&#8221;align_center&#8221; gutter_size=&#8221;3&#8243; overlay_alpha=&#8221;50&#8243; shift_x=&#8221;0&#8243; shift_y=&#8221;0&#8243; shift_y_down=&#8221;0&#8243; z_index=&#8221;0&#8243; medium_width=&#8221;0&#8243; mobile_width=&#8221;0&#8243; width=&#8221;1\/1&#8243;][vc_button radius=&#8221;btn-square&#8221; border_width=&#8221;0&#8243; display=&#8221;inline&#8221; link=&#8221;url:%2Fvirtual-tour-3d%2F|title:Virtual%20Tour%203D&#8221; icon=&#8221;fa fa-arrow-left2&#8243; width=&#8221;300&#8243;]Vissza az \u00f6sszes virtu\u00e1lis t\u00far\u00e1hoz.[\/vc_button][vc_button radius=&#8221;btn-square&#8221; border_width=&#8221;0&#8243; icon_position=&#8221;right&#8221; display=&#8221;inline&#8221; link=&#8221;url:%2Fproperties%2Fstudio%2F|title:Virtual%20Tour%203D&#8221; icon=&#8221;fa fa-arrow-right2&#8243; width=&#8221;300&#8243; uncode_shortcode_id=&#8221;148625&#8243;]K\u00f6vetkez\u0151 virtu\u00e1lis t\u00fara[\/vc_button][\/vc_column][\/vc_row][vc_row unlock_row_content=&#8221;yes&#8221; row_height_percent=&#8221;0&#8243; override_padding=&#8221;yes&#8221; h_padding=&#8221;0&#8243; top_padding=&#8221;2&#8243; bottom_padding=&#8221;4&#8243; back_color=&#8221;color-wayh&#8221; overlay_alpha=&#8221;50&#8243; gutter_size=&#8221;3&#8243; column_width_percent=&#8221;100&#8243; shift_y=&#8221;0&#8243; z_index=&#8221;0&#8243;][vc_column column_width_percent=&#8221;100&#8243; align_horizontal=&#8221;align_center&#8221; gutter_size=&#8221;3&#8243; override_padding=&#8221;yes&#8221; column_padding=&#8221;0&#8243; overlay_alpha=&#8221;50&#8243; shift_x=&#8221;0&#8243; shift_y=&#8221;0&#8243; shift_y_down=&#8221;0&#8243; z_index=&#8221;0&#8243; medium_width=&#8221;0&#8243; mobile_width=&#8221;0&#8243; width=&#8221;1\/1&#8243;][vc_raw_html]JTNDaWZyYW1lJTIwd2lkdGglM0QlMjcxOTIwJTI3JTIwaGVpZ2h0JTNEJTI3NzAwJTI3JTIwc3JjJTNEJTI3aHR0cHMlM0ElMkYlMkZteS5tYXR0ZXJwb3J0LmNvbSUyRnNob3clMkYlM0ZtJTNEZDNjcDR2bkZaMVUlMjclMjBmcmFtZWJvcmRlciUzRCUyNzAlMjclMjBhbGxvd2Z1bGxzY3JlZW4lMjBhbGxvdyUzRCUyN3hyLXNwYXRpYWwtdHJhY2tpbmclMjclM0UlM0MlMkZpZnJhbWUlM0U=[\/vc_raw_html][\/vc_column][\/vc_row]<\/p>\n<\/div>","protected":false},"excerpt":{"rendered":"<p>[vc_row unlock_row_content=&#8221;yes&#8221; row_height_percent=&#8221;0&#8243; back_color=&#8221;color-wayh&#8221; overlay_alpha=&#8221;50&#8243; gutter_size=&#8221;3&#8243; column_width_percent=&#8221;100&#8243; shift_y=&#8221;0&#8243; z_index=&#8221;0&#8243;][vc_column column_width_percent=&#8221;100&#8243; position_vertical=&#8221;middle&#8221; align_horizontal=&#8221;align_center&#8221; gutter_size=&#8221;3&#8243; overlay_alpha=&#8221;50&#8243; shift_x=&#8221;0&#8243; shift_y=&#8221;0&#8243; shift_y_down=&#8221;0&#8243; z_index=&#8221;0&#8243; medium_width=&#8221;0&#8243; mobile_width=&#8221;0&#8243; [&hellip;]<\/p>\n","protected":false},"author":1,"featured_media":1426,"parent":1489,"menu_order":0,"comment_status":"closed","ping_status":"closed","template":"","meta":{"_seopress_robots_primary_cat":"","_seopress_titles_title":"","_seopress_titles_desc":"","_seopress_robots_index":"","footnotes":""},"class_list":["post-1502","page","type-page","status-publish","has-post-thumbnail","hentry","page_category-property-hu","page_category-virtual-tour-hu"],"_links":{"self":[{"href":"https:\/\/crystalproperty.hu\/hu\/wp-json\/wp\/v2\/pages\/1502","targetHints":{"allow":["GET"]}}],"collection":[{"href":"https:\/\/crystalproperty.hu\/hu\/wp-json\/wp\/v2\/pages"}],"about":[{"href":"https:\/\/crystalproperty.hu\/hu\/wp-json\/wp\/v2\/types\/page"}],"author":[{"embeddable":true,"href":"https:\/\/crystalproperty.hu\/hu\/wp-json\/wp\/v2\/users\/1"}],"replies":[{"embeddable":true,"href":"https:\/\/crystalproperty.hu\/hu\/wp-json\/wp\/v2\/comments?post=1502"}],"version-history":[{"count":4,"href":"https:\/\/crystalproperty.hu\/hu\/wp-json\/wp\/v2\/pages\/1502\/revisions"}],"predecessor-version":[{"id":1845,"href":"https:\/\/crystalproperty.hu\/hu\/wp-json\/wp\/v2\/pages\/1502\/revisions\/1845"}],"up":[{"embeddable":true,"href":"https:\/\/crystalproperty.hu\/hu\/wp-json\/wp\/v2\/pages\/1489"}],"wp:featuredmedia":[{"embeddable":true,"href":"https:\/\/crystalproperty.hu\/hu\/wp-json\/wp\/v2\/media\/1426"}],"wp:attachment":[{"href":"https:\/\/crystalproperty.hu\/hu\/wp-json\/wp\/v2\/media?parent=1502"}],"curies":[{"name":"wp","href":"https:\/\/api.w.org\/{rel}","templated":true}]}}