{"id":1490,"date":"2021-08-25T13:28:14","date_gmt":"2021-08-25T13:28:14","guid":{"rendered":"https:\/\/crystalproperty.hu\/sale\/"},"modified":"2022-02-09T19:00:11","modified_gmt":"2022-02-09T18:00:11","slug":"sale","status":"publish","type":"page","link":"https:\/\/crystalproperty.hu\/hu\/properties\/sale\/","title":{"rendered":"V\u00e1s\u00e1rl\u00e1s"},"content":{"rendered":"<div class=\"wpb-content-wrapper\"><p>[vc_row row_height_percent=&#8221;0&#8243; override_padding=&#8221;yes&#8221; h_padding=&#8221;2&#8243; top_padding=&#8221;3&#8243; bottom_padding=&#8221;3&#8243; overlay_alpha=&#8221;50&#8243; gutter_size=&#8221;3&#8243; column_width_percent=&#8221;100&#8243; shift_y=&#8221;0&#8243; z_index=&#8221;0&#8243; uncode_shortcode_id=&#8221;182893&#8243; el_class=&#8221;property&#8211;listing&#8221;][vc_column width=&#8221;1\/1&#8243;][uncode_index el_id=&#8221;index-109292&#8243; loop=&#8221;size:10|order_by:date|order:ASC|post_type:portfolio|tax_query:12|taxonomy_count:10&#8243; gutter_size=&#8221;3&#8243; page_items=&#8221;title,media|featured|onpost|original&#8221; portfolio_items=&#8221;title,media|featured|onpost|original,detail-price,detail-district,detail-size,detail-ref,detail-type&#8221; screen_lg=&#8221;1000&#8243; screen_md=&#8221;600&#8243; screen_sm=&#8221;480&#8243; single_text=&#8221;overlay&#8221; single_width=&#8221;6&#8243; images_size=&#8221;five-four&#8221; single_overlay_color=&#8221;color-jevc&#8221; single_overlay_opacity=&#8221;50&#8243; single_overlay_visible=&#8221;yes&#8221; single_overlay_anim=&#8221;no&#8221; single_text_visible=&#8221;yes&#8221; single_text_anim=&#8221;no&#8221; single_image_magnetic=&#8221;yes&#8221; single_v_position=&#8221;bottom&#8221; single_padding=&#8221;2&#8243; single_title_semantic=&#8221;h2&#8243; single_title_dimension=&#8221;h2&#8243; single_title_weight=&#8221;800&#8243; single_shadow=&#8221;yes&#8221; shadow_weight=&#8221;std&#8221; single_border=&#8221;yes&#8221; single_css_animation=&#8221;bottom-t-top&#8221; no_double_tap=&#8221;yes&#8221; uncode_shortcode_id=&#8221;208698&#8243;][\/vc_column][\/vc_row]<\/p>\n<\/div>","protected":false},"excerpt":{"rendered":"<p>[vc_row row_height_percent=&#8221;0&#8243; override_padding=&#8221;yes&#8221; h_padding=&#8221;2&#8243; top_padding=&#8221;3&#8243; bottom_padding=&#8221;3&#8243; overlay_alpha=&#8221;50&#8243; gutter_size=&#8221;3&#8243; column_width_percent=&#8221;100&#8243; shift_y=&#8221;0&#8243; z_index=&#8221;0&#8243; uncode_shortcode_id=&#8221;182893&#8243; el_class=&#8221;property&#8211;listing&#8221;][vc_column width=&#8221;1\/1&#8243;][uncode_index el_id=&#8221;index-109292&#8243; loop=&#8221;size:10|order_by:date|order:ASC|post_type:portfolio|tax_query:12|taxonomy_count:10&#8243; gutter_size=&#8221;3&#8243; page_items=&#8221;title,media|featured|onpost|original&#8221; portfolio_items=&#8221;title,media|featured|onpost|original,detail-price,detail-district,detail-size,detail-ref,detail-type&#8221; screen_lg=&#8221;1000&#8243; [&hellip;]<\/p>\n","protected":false},"author":1,"featured_media":0,"parent":1505,"menu_order":0,"comment_status":"closed","ping_status":"closed","template":"","meta":{"_seopress_robots_primary_cat":"","_seopress_titles_title":"","_seopress_titles_desc":"","_seopress_robots_index":"","footnotes":""},"class_list":["post-1490","page","type-page","status-publish","hentry"],"_links":{"self":[{"href":"https:\/\/crystalproperty.hu\/hu\/wp-json\/wp\/v2\/pages\/1490","targetHints":{"allow":["GET"]}}],"collection":[{"href":"https:\/\/crystalproperty.hu\/hu\/wp-json\/wp\/v2\/pages"}],"about":[{"href":"https:\/\/crystalproperty.hu\/hu\/wp-json\/wp\/v2\/types\/page"}],"author":[{"embeddable":true,"href":"https:\/\/crystalproperty.hu\/hu\/wp-json\/wp\/v2\/users\/1"}],"replies":[{"embeddable":true,"href":"https:\/\/crystalproperty.hu\/hu\/wp-json\/wp\/v2\/comments?post=1490"}],"version-history":[{"count":1,"href":"https:\/\/crystalproperty.hu\/hu\/wp-json\/wp\/v2\/pages\/1490\/revisions"}],"predecessor-version":[{"id":1607,"href":"https:\/\/crystalproperty.hu\/hu\/wp-json\/wp\/v2\/pages\/1490\/revisions\/1607"}],"up":[{"embeddable":true,"href":"https:\/\/crystalproperty.hu\/hu\/wp-json\/wp\/v2\/pages\/1505"}],"wp:attachment":[{"href":"https:\/\/crystalproperty.hu\/hu\/wp-json\/wp\/v2\/media?parent=1490"}],"curies":[{"name":"wp","href":"https:\/\/api.w.org\/{rel}","templated":true}]}}