{"id":1489,"date":"2021-11-09T17:34:29","date_gmt":"2021-11-09T17:34:29","guid":{"rendered":"https:\/\/crystalproperty.hu\/virtual-tour-3d\/"},"modified":"2022-03-09T11:28:11","modified_gmt":"2022-03-09T10:28:11","slug":"virtual-tour-3d","status":"publish","type":"page","link":"https:\/\/crystalproperty.hu\/hu\/virtual-tour-3d\/","title":{"rendered":"3D Virtu\u00e1lis s\u00e9t\u00e1k"},"content":{"rendered":"<div class=\"wpb-content-wrapper\"><p>[vc_row row_height_percent=&#8221;0&#8243; override_padding=&#8221;yes&#8221; h_padding=&#8221;2&#8243; top_padding=&#8221;2&#8243; bottom_padding=&#8221;5&#8243; overlay_alpha=&#8221;50&#8243; gutter_size=&#8221;4&#8243; column_width_percent=&#8221;100&#8243; shift_y=&#8221;0&#8243; z_index=&#8221;0&#8243;][vc_column column_width_percent=&#8221;100&#8243; gutter_size=&#8221;2&#8243; overlay_alpha=&#8221;50&#8243; shift_x=&#8221;0&#8243; shift_y=&#8221;0&#8243; shift_y_down=&#8221;0&#8243; z_index=&#8221;0&#8243; medium_width=&#8221;0&#8243; mobile_width=&#8221;0&#8243; width=&#8221;1\/1&#8243;][uncode_index el_id=&#8221;index-193265&#8243; isotope_mode=&#8221;fitRows&#8221; loop=&#8221;size:10|order_by:date|order:ASC|post_type:page|tax_query:9|taxonomy_count:10&#8243; gutter_size=&#8221;3&#8243; page_items=&#8221;title,media|featured|onpost|original&#8221; screen_lg=&#8221;1000&#8243; screen_md=&#8221;600&#8243; screen_sm=&#8221;480&#8243; single_text=&#8221;overlay&#8221; images_size=&#8221;three-four&#8221; single_overlay_color=&#8221;color-jevc&#8221; single_overlay_coloration=&#8221;bottom_gradient&#8221; single_overlay_opacity=&#8221;50&#8243; single_overlay_visible=&#8221;yes&#8221; single_overlay_anim=&#8221;no&#8221; single_text_visible=&#8221;yes&#8221; single_text_anim=&#8221;no&#8221; single_image_color_anim=&#8221;yes&#8221; single_image_anim=&#8221;no&#8221; single_h_align_mobile=&#8221;left&#8221; single_v_position=&#8221;bottom&#8221; single_padding=&#8221;2&#8243; single_title_semantic=&#8221;h4&#8243; single_title_dimension=&#8221;h4&#8243; single_shadow=&#8221;yes&#8221; shadow_weight=&#8221;sm&#8221; single_border=&#8221;yes&#8221; single_css_animation=&#8221;left-t-right&#8221; custom_order=&#8221;yes&#8221; no_double_tap=&#8221;yes&#8221; single_icon=&#8221;fa fa-video&#8221; order_ids=&#8221;417,465,484,549,756,486,746&#8243;][\/vc_column][\/vc_row]<\/p>\n<\/div>","protected":false},"excerpt":{"rendered":"<p>[vc_row row_height_percent=&#8221;0&#8243; override_padding=&#8221;yes&#8221; h_padding=&#8221;2&#8243; top_padding=&#8221;2&#8243; bottom_padding=&#8221;5&#8243; overlay_alpha=&#8221;50&#8243; gutter_size=&#8221;4&#8243; column_width_percent=&#8221;100&#8243; shift_y=&#8221;0&#8243; z_index=&#8221;0&#8243;][vc_column column_width_percent=&#8221;100&#8243; gutter_size=&#8221;2&#8243; overlay_alpha=&#8221;50&#8243; shift_x=&#8221;0&#8243; shift_y=&#8221;0&#8243; shift_y_down=&#8221;0&#8243; z_index=&#8221;0&#8243; medium_width=&#8221;0&#8243; mobile_width=&#8221;0&#8243; [&hellip;]<\/p>\n","protected":false},"author":1,"featured_media":0,"parent":0,"menu_order":0,"comment_status":"closed","ping_status":"closed","template":"","meta":{"_seopress_robots_primary_cat":"","_seopress_titles_title":"","_seopress_titles_desc":"","_seopress_robots_index":"","footnotes":""},"class_list":["post-1489","page","type-page","status-publish","hentry","page_category-subpage-hu"],"_links":{"self":[{"href":"https:\/\/crystalproperty.hu\/hu\/wp-json\/wp\/v2\/pages\/1489","targetHints":{"allow":["GET"]}}],"collection":[{"href":"https:\/\/crystalproperty.hu\/hu\/wp-json\/wp\/v2\/pages"}],"about":[{"href":"https:\/\/crystalproperty.hu\/hu\/wp-json\/wp\/v2\/types\/page"}],"author":[{"embeddable":true,"href":"https:\/\/crystalproperty.hu\/hu\/wp-json\/wp\/v2\/users\/1"}],"replies":[{"embeddable":true,"href":"https:\/\/crystalproperty.hu\/hu\/wp-json\/wp\/v2\/comments?post=1489"}],"version-history":[{"count":3,"href":"https:\/\/crystalproperty.hu\/hu\/wp-json\/wp\/v2\/pages\/1489\/revisions"}],"predecessor-version":[{"id":1862,"href":"https:\/\/crystalproperty.hu\/hu\/wp-json\/wp\/v2\/pages\/1489\/revisions\/1862"}],"wp:attachment":[{"href":"https:\/\/crystalproperty.hu\/hu\/wp-json\/wp\/v2\/media?parent=1489"}],"curies":[{"name":"wp","href":"https:\/\/api.w.org\/{rel}","templated":true}]}}