{"id":1488,"date":"2021-11-09T17:54:07","date_gmt":"2021-11-09T17:54:07","guid":{"rendered":"https:\/\/crystalproperty.hu\/lobby\/"},"modified":"2022-03-09T11:45:13","modified_gmt":"2022-03-09T10:45:13","slug":"lobby","status":"publish","type":"page","link":"https:\/\/crystalproperty.hu\/hu\/virtual-tour-3d\/lobby\/","title":{"rendered":"Art Homes El\u0151t\u00e9r"},"content":{"rendered":"<div class=\"wpb-content-wrapper\"><p>[vc_row unlock_row_content=&#8221;yes&#8221; row_height_percent=&#8221;0&#8243; back_color=&#8221;color-wayh&#8221; overlay_alpha=&#8221;50&#8243; gutter_size=&#8221;3&#8243; column_width_percent=&#8221;100&#8243; shift_y=&#8221;0&#8243; z_index=&#8221;0&#8243;][vc_column column_width_percent=&#8221;100&#8243; position_vertical=&#8221;middle&#8221; align_horizontal=&#8221;align_center&#8221; gutter_size=&#8221;3&#8243; overlay_alpha=&#8221;50&#8243; shift_x=&#8221;0&#8243; shift_y=&#8221;0&#8243; shift_y_down=&#8221;0&#8243; z_index=&#8221;0&#8243; medium_width=&#8221;0&#8243; mobile_width=&#8221;0&#8243; width=&#8221;1\/1&#8243;][vc_button radius=&#8221;btn-square&#8221; border_width=&#8221;0&#8243; display=&#8221;inline&#8221; link=&#8221;url:%2Fvirtual-tour-3d%2F|title:Virtual%20Tour%203D&#8221; icon=&#8221;fa fa-arrow-left2&#8243; width=&#8221;300&#8243;]Vissza az \u00f6sszes virtu\u00e1lis t\u00far\u00e1hoz.[\/vc_button][vc_button radius=&#8221;btn-square&#8221; border_width=&#8221;0&#8243; icon_position=&#8221;right&#8221; display=&#8221;inline&#8221; link=&#8221;url:%2Fproperties%2Fbenczur-11%2F|title:Virtual%20Tour%203D&#8221; icon=&#8221;fa fa-arrow-right2&#8243; width=&#8221;300&#8243; uncode_shortcode_id=&#8221;754386&#8243;]K\u00f6vetkez\u0151 virtu\u00e1lis t\u00fara[\/vc_button][\/vc_column][\/vc_row][vc_row unlock_row_content=&#8221;yes&#8221; row_height_percent=&#8221;0&#8243; override_padding=&#8221;yes&#8221; h_padding=&#8221;0&#8243; top_padding=&#8221;2&#8243; bottom_padding=&#8221;4&#8243; back_color=&#8221;color-wayh&#8221; overlay_alpha=&#8221;50&#8243; gutter_size=&#8221;3&#8243; column_width_percent=&#8221;100&#8243; shift_y=&#8221;0&#8243; z_index=&#8221;0&#8243;][vc_column column_width_percent=&#8221;100&#8243; align_horizontal=&#8221;align_center&#8221; gutter_size=&#8221;3&#8243; override_padding=&#8221;yes&#8221; column_padding=&#8221;0&#8243; overlay_alpha=&#8221;50&#8243; shift_x=&#8221;0&#8243; shift_y=&#8221;0&#8243; shift_y_down=&#8221;0&#8243; z_index=&#8221;0&#8243; medium_width=&#8221;0&#8243; mobile_width=&#8221;0&#8243; width=&#8221;1\/1&#8243;][vc_raw_html]PGlmcmFtZSB3aWR0aD0iMTkyMCIgaGVpZ2h0PSI3MDAiIHNyYz0iaHR0cHM6Ly9teS5tYXR0ZXJwb3J0LmNvbS9zaG93Lz9tPTh1VTlHaEdIdUxxIiBmcmFtZWJvcmRlcj0iMCIgYWxsb3dmdWxsc2NyZWVuPSIiIGFsbG93PSJ4ci1zcGF0aWFsLXRyYWNraW5nIj48L2lmcmFtZT4=[\/vc_raw_html][\/vc_column][\/vc_row]<\/p>\n<\/div>","protected":false},"excerpt":{"rendered":"<p>[vc_row unlock_row_content=&#8221;yes&#8221; row_height_percent=&#8221;0&#8243; back_color=&#8221;color-wayh&#8221; overlay_alpha=&#8221;50&#8243; gutter_size=&#8221;3&#8243; column_width_percent=&#8221;100&#8243; shift_y=&#8221;0&#8243; z_index=&#8221;0&#8243;][vc_column column_width_percent=&#8221;100&#8243; position_vertical=&#8221;middle&#8221; align_horizontal=&#8221;align_center&#8221; gutter_size=&#8221;3&#8243; overlay_alpha=&#8221;50&#8243; shift_x=&#8221;0&#8243; shift_y=&#8221;0&#8243; shift_y_down=&#8221;0&#8243; z_index=&#8221;0&#8243; medium_width=&#8221;0&#8243; mobile_width=&#8221;0&#8243; [&hellip;]<\/p>\n","protected":false},"author":1,"featured_media":1401,"parent":1489,"menu_order":0,"comment_status":"closed","ping_status":"closed","template":"","meta":{"_seopress_robots_primary_cat":"","_seopress_titles_title":"","_seopress_titles_desc":"","_seopress_robots_index":"","footnotes":""},"class_list":["post-1488","page","type-page","status-publish","has-post-thumbnail","hentry","page_category-property-hu","page_category-virtual-tour-hu"],"_links":{"self":[{"href":"https:\/\/crystalproperty.hu\/hu\/wp-json\/wp\/v2\/pages\/1488","targetHints":{"allow":["GET"]}}],"collection":[{"href":"https:\/\/crystalproperty.hu\/hu\/wp-json\/wp\/v2\/pages"}],"about":[{"href":"https:\/\/crystalproperty.hu\/hu\/wp-json\/wp\/v2\/types\/page"}],"author":[{"embeddable":true,"href":"https:\/\/crystalproperty.hu\/hu\/wp-json\/wp\/v2\/users\/1"}],"replies":[{"embeddable":true,"href":"https:\/\/crystalproperty.hu\/hu\/wp-json\/wp\/v2\/comments?post=1488"}],"version-history":[{"count":5,"href":"https:\/\/crystalproperty.hu\/hu\/wp-json\/wp\/v2\/pages\/1488\/revisions"}],"predecessor-version":[{"id":1870,"href":"https:\/\/crystalproperty.hu\/hu\/wp-json\/wp\/v2\/pages\/1488\/revisions\/1870"}],"up":[{"embeddable":true,"href":"https:\/\/crystalproperty.hu\/hu\/wp-json\/wp\/v2\/pages\/1489"}],"wp:featuredmedia":[{"embeddable":true,"href":"https:\/\/crystalproperty.hu\/hu\/wp-json\/wp\/v2\/media\/1401"}],"wp:attachment":[{"href":"https:\/\/crystalproperty.hu\/hu\/wp-json\/wp\/v2\/media?parent=1488"}],"curies":[{"name":"wp","href":"https:\/\/api.w.org\/{rel}","templated":true}]}}